{"id":195310,"date":"2026-05-02T19:36:14","date_gmt":"2026-05-02T10:36:14","guid":{"rendered":"https:\/\/ero-mop.com\/?product=%e3%83%a1%e3%82%ac%e7%9b%9b%e3%82%8a%ef%bc%81-%e7%88%86%e4%b9%b3%e3%80%90%e6%b7%b7%e6%b5%b4%e3%80%91%e6%b8%a9%e6%b3%89-%e8%a5%bf%e6%9d%91%e3%83%8b%e3%83%bc%e3%83%8a"},"modified":"2026-05-02T19:36:28","modified_gmt":"2026-05-02T10:36:28","slug":"%e3%83%a1%e3%82%ac%e7%9b%9b%e3%82%8a%ef%bc%81-%e7%88%86%e4%b9%b3%e3%80%90%e6%b7%b7%e6%b5%b4%e3%80%91%e6%b8%a9%e6%b3%89-%e8%a5%bf%e6%9d%91%e3%83%8b%e3%83%bc%e3%83%8a","status":"publish","type":"product","link":"https:\/\/ero-mop.com\/?product=%e3%83%a1%e3%82%ac%e7%9b%9b%e3%82%8a%ef%bc%81-%e7%88%86%e4%b9%b3%e3%80%90%e6%b7%b7%e6%b5%b4%e3%80%91%e6%b8%a9%e6%b3%89-%e8%a5%bf%e6%9d%91%e3%83%8b%e3%83%bc%e3%83%8a","title":{"rendered":"\u30e1\u30ac\u76db\u308a\uff01 \u7206\u4e73\u3010\u6df7\u6d74\u3011\u6e29\u6cc9 \u897f\u6751\u30cb\u30fc\u30ca"},"content":{"rendered":"","protected":false},"excerpt":{"rendered":"<p>\u90fd\u4f1a\u306e\u55a7\u9a12\u304b\u3089\u96e2\u308c\u3001\u3072\u3068\u308a\u6e29\u6cc9\u306b\u5165\u3063\u3066\u305f\u3089\u3001\u3046\u3049\u3063\u3067\u3063\u304b\uff01\u3068\u601d\u308f\u305a\u58f0\u306b\u51fa\u3057\u3066\u3057\u307e\u3046\u30e0\u30c1\u30e0\u30c1\u611f\u30cf\u30f3\u30d1\u306a\u3044\u5b50\u304c\u5165\u3063\u3066\u304d\u305f\uff01\u3084\u3079\u3063\uff01\u6700\u8fd1\u3001\u4ed5\u4e8b\u75b2\u308c\u3067\u30cc\u30a4\u3066\u306a\u304b\u3063\u305f\u3089\u904e\u5270\u306b\u30e0\u30b9\u30b3\u304c\u53cd\u5fdc\u3057\u3061\u3083\u3063\u3066\u308b\uff01\u3066\u304b\u3001\u3088\u304f\u898b\u308b\u3068\u3001\u3048\uff01\uff1f\u897f\u6751\u30cb\u30fc\u30ca\u3061\u3083\u3093\uff1f\uff1f\u3048\u3063\u308d\uff01\u751f\u4e73\u30c7\u30ab\u3059\u304e\u308b\u3060\u308d\uff01\u3068\u5fc3\u306e\u58f0\u3092\u6291\u3048\u3064\u3064\u3001\u3055\u308a\u3052\u306a\u304f\u672c\u4eba\u78ba\u8a8d\u3002\u3059\u308b\u3068\u30cb\u30fc\u30ca\u3061\u3083\u3093\u306e\u65b9\u3082\u50d5\u306e\u30d5\u30eb\u52c3\u8d77\u3057\u305f\u30c7\u30ab\u30c1\u30f3\u30dd\u306b\u7570\u5e38\u306a\u307e\u3067\u306e\u904e\u5270\u53cd\u5fdc\u3092\u793a\u3057\u3001\u305d\u306e\u5f8c\u306f\u00d7\u00d7\u00d7 \u3080\u3061\u30a8\u30ed\u306a\u8089\u4f53\u304c\u3055\u3089\u306b\u30dc\u30ea\u30e5\u30fc\u30e0\u5897\u3005\u306b\u306a\u3063\u305f\u30cb\u30fc\u30ca\u3061\u3083\u3093\u304c\u30a8\u30c1\u30a8\u30c1\u5168\u958b\u3067\u5f3e\u3051\u4e71\u308c\u307e\u3059\uff01 \u5de8\u4e73 \u5358\u4f53\u4f5c\u54c1 \u4e2d\u51fa\u3057 \u30d1\u30a4\u30ba\u30ea \u307d\u3063\u3061\u3083\u308a \u897f\u6751\u30cb\u30fc\u30ca \u30e2\u30b6\u30a4\u30af G098571<\/p>\n","protected":false},"featured_media":195309,"template":"","meta":[],"product_cat":[21],"product_tag":[62,69,24,23,26],"class_list":{"0":"post-195310","1":"product","2":"type-product","3":"status-publish","4":"has-post-thumbnail","6":"product_cat-dvd","7":"product_tag-62","8":"product_tag-69","9":"product_tag-24","10":"product_tag-23","11":"product_tag-26","13":"first","14":"instock","15":"shipping-taxable","16":"purchasable","17":"product-type-simple"},"_links":{"self":[{"href":"https:\/\/ero-mop.com\/index.php?rest_route=\/wp\/v2\/product\/195310","targetHints":{"allow":["GET"]}}],"collection":[{"href":"https:\/\/ero-mop.com\/index.php?rest_route=\/wp\/v2\/product"}],"about":[{"href":"https:\/\/ero-mop.com\/index.php?rest_route=\/wp\/v2\/types\/product"}],"wp:featuredmedia":[{"embeddable":true,"href":"https:\/\/ero-mop.com\/index.php?rest_route=\/wp\/v2\/media\/195309"}],"wp:attachment":[{"href":"https:\/\/ero-mop.com\/index.php?rest_route=%2Fwp%2Fv2%2Fmedia&parent=195310"}],"wp:term":[{"taxonomy":"product_cat","embeddable":true,"href":"https:\/\/ero-mop.com\/index.php?rest_route=%2Fwp%2Fv2%2Fproduct_cat&post=195310"},{"taxonomy":"product_tag","embeddable":true,"href":"https:\/\/ero-mop.com\/index.php?rest_route=%2Fwp%2Fv2%2Fproduct_tag&post=195310"}],"curies":[{"name":"wp","href":"https:\/\/api.w.org\/{rel}","templated":true}]}}