{"id":92198,"date":"2024-05-01T12:54:40","date_gmt":"2024-05-01T03:54:40","guid":{"rendered":"https:\/\/ero-mop.com\/?product=%e3%83%87%e3%83%bc%e3%83%88xxx%e3%80%82%e4%bf%a1%e9%a0%bc%e3%81%97%e3%81%a6%e3%81%84%e3%81%9f%e5%90%8c%e3%81%98%e5%a4%a7%e5%ad%a6%e3%81%ae%e6%98%a0%e7%94%bb%e3%82%b5%e3%83%bc%e3%82%af"},"modified":"2024-10-11T06:25:37","modified_gmt":"2024-10-10T21:25:37","slug":"%e3%83%87%e3%83%bc%e3%83%88xxx%e3%80%82%e4%bf%a1%e9%a0%bc%e3%81%97%e3%81%a6%e3%81%84%e3%81%9f%e5%90%8c%e3%81%98%e5%a4%a7%e5%ad%a6%e3%81%ae%e6%98%a0%e7%94%bb%e3%82%b5%e3%83%bc%e3%82%af","status":"publish","type":"product","link":"https:\/\/ero-mop.com\/?product=%e3%83%87%e3%83%bc%e3%83%88xxx%e3%80%82%e4%bf%a1%e9%a0%bc%e3%81%97%e3%81%a6%e3%81%84%e3%81%9f%e5%90%8c%e3%81%98%e5%a4%a7%e5%ad%a6%e3%81%ae%e6%98%a0%e7%94%bb%e3%82%b5%e3%83%bc%e3%82%af","title":{"rendered":"\u30c7\u30fc\u30c8\u00d7\u00d7\u00d7\u3002\u4fe1\u983c\u3057\u3066\u3044\u305f\u540c\u3058\u5927\u5b66\u306e\u6620\u753b\u30b5\u30fc\u30af\u30eb\u306e\u7537\u5b50\u305f\u3061\u306b\u8972\u308f\u308c\u3066\u3001\u5589\u5965\u307e\u3067\u4f55\u5ea6\u3082\u30a4\u30e9\u30de\u30c1\u30aa\u3055\u308c\u3066\u3001\u4e2d\u51fa\u3057\u3055\u308c\u307e\u3057\u305f\u2026 MINAMO"},"content":{"rendered":"","protected":false},"excerpt":{"rendered":"<p>\u6620\u753b\u30b5\u30fc\u30af\u30eb\u306b\u6240\u5c5e\u3057\u3066\u829d\u5c45\u3092\u3057\u3066\u3044\u308b\u307f\u306a\u3082\u3002\u307f\u3093\u306a\u3067\u4ef2\u826f\u304f\u6620\u753b\u64ae\u5f71\u3092\u3057\u3066\u5145\u5b9f\u3057\u305f\u65e5\u3005\u3092\u904e\u3054\u3057\u3066\u3044\u305f\u304c\u8986\u9762\u306e\u7537\u305f\u3061\u306b\u8972\u308f\u308c\u3066\u5d29\u58ca\u3057\u3066\u3044\u304f\u3002\u5148\u8f29\u306e\u9ad8\u7d1a\u306a\u6642\u8a08\u3092\u3081\u3050\u3063\u3066\u3001\u7d46\u304c\u58ca\u308c\u308b\u306a\u3093\u3066\u601d\u3044\u3082\u3057\u3066\u3044\u306a\u304b\u3063\u305f\u3002\u4fe1\u983c\u3057\u3066\u3044\u305f\u30b5\u30fc\u30af\u30eb\u306e\u30e1\u30f3\u30d0\u30fc\u306b\u7121\u7406\u77e2\u7406\u4e2d\u51fa\u3057\u3055\u308c\u308b\u306a\u3093\u3066\u2026 \u30a4\u30e9\u30de\u30c1\u30aa \u5de8\u4e73 \u5358\u4f53\u4f5c\u54c1 \u30c9\u30e9\u30de MINAMO \u30e2\u30b6\u30a4\u30af G047559<\/p>\n","protected":false},"featured_media":92197,"template":"","meta":[],"product_cat":[217],"product_tag":[43,35,23,26],"class_list":{"0":"post-92198","1":"product","2":"type-product","3":"status-publish","4":"has-post-thumbnail","6":"product_cat-217","7":"product_tag-43","8":"product_tag-35","9":"product_tag-23","10":"product_tag-26","12":"first","13":"instock","14":"shipping-taxable","15":"purchasable","16":"product-type-simple"},"_links":{"self":[{"href":"https:\/\/ero-mop.com\/index.php?rest_route=\/wp\/v2\/product\/92198","targetHints":{"allow":["GET"]}}],"collection":[{"href":"https:\/\/ero-mop.com\/index.php?rest_route=\/wp\/v2\/product"}],"about":[{"href":"https:\/\/ero-mop.com\/index.php?rest_route=\/wp\/v2\/types\/product"}],"wp:featuredmedia":[{"embeddable":true,"href":"https:\/\/ero-mop.com\/index.php?rest_route=\/wp\/v2\/media\/92197"}],"wp:attachment":[{"href":"https:\/\/ero-mop.com\/index.php?rest_route=%2Fwp%2Fv2%2Fmedia&parent=92198"}],"wp:term":[{"taxonomy":"product_cat","embeddable":true,"href":"https:\/\/ero-mop.com\/index.php?rest_route=%2Fwp%2Fv2%2Fproduct_cat&post=92198"},{"taxonomy":"product_tag","embeddable":true,"href":"https:\/\/ero-mop.com\/index.php?rest_route=%2Fwp%2Fv2%2Fproduct_tag&post=92198"}],"curies":[{"name":"wp","href":"https:\/\/api.w.org\/{rel}","templated":true}]}}